{"id":18869,"date":"2022-07-18T12:13:33","date_gmt":"2022-07-18T10:13:33","guid":{"rendered":"https:\/\/evolive.pl\/reklamacje-i-zwroty\/"},"modified":"2023-08-08T10:55:52","modified_gmt":"2023-08-08T08:55:52","slug":"reklamationen-und-ruecksendungen","status":"publish","type":"page","link":"https:\/\/evolive.pl\/de\/reklamationen-und-ruecksendungen\/","title":{"rendered":"Reklamationen und R\u00fccksendungen"},"content":{"rendered":"\t\t<div data-elementor-type=\"wp-page\" data-elementor-id=\"18869\" class=\"elementor elementor-18869\" data-elementor-post-type=\"page\">\n\t\t\t\t\t\t\t\t\t<section class=\"elementor-section elementor-top-section elementor-element elementor-element-34ce7d1 elementor-section-content-middle elementor-section-boxed elementor-section-height-default elementor-section-height-default\" data-id=\"34ce7d1\" data-element_type=\"section\" data-settings=\"{&quot;background_background&quot;:&quot;gradient&quot;}\">\n\t\t\t\t\t\t<div class=\"elementor-container elementor-column-gap-default\">\n\t\t\t\t\t<div class=\"elementor-column elementor-col-100 elementor-top-column elementor-element elementor-element-852fc6d\" data-id=\"852fc6d\" data-element_type=\"column\">\n\t\t\t<div class=\"elementor-widget-wrap elementor-element-populated\">\n\t\t\t\t\t\t\t\t<div class=\"elementor-element elementor-element-cfdc22f elementor-widget elementor-widget-heading\" data-id=\"cfdc22f\" data-element_type=\"widget\" data-widget_type=\"heading.default\">\n\t\t\t\t<div class=\"elementor-widget-container\">\n\t\t\t<h1 class=\"elementor-heading-title elementor-size-default\">Reklamationen und R\u00fccksendungen<\/h1>\t\t<\/div>\n\t\t\t\t<\/div>\n\t\t\t\t\t<\/div>\n\t\t<\/div>\n\t\t\t\t\t\t\t<\/div>\n\t\t<\/section>\n\t\t\t\t<section class=\"elementor-section elementor-top-section elementor-element elementor-element-421cf564 elementor-section-boxed elementor-section-height-default elementor-section-height-default\" data-id=\"421cf564\" data-element_type=\"section\">\n\t\t\t\t\t\t<div class=\"elementor-container elementor-column-gap-default\">\n\t\t\t\t\t<div class=\"elementor-column elementor-col-100 elementor-top-column elementor-element elementor-element-657bc9c5\" data-id=\"657bc9c5\" data-element_type=\"column\">\n\t\t\t<div class=\"elementor-widget-wrap elementor-element-populated\">\n\t\t\t\t\t\t\t\t<div class=\"elementor-element elementor-element-152e357d elementor-widget elementor-widget-text-editor\" data-id=\"152e357d\" data-element_type=\"widget\" data-widget_type=\"text-editor.default\">\n\t\t\t\t<div class=\"elementor-widget-container\">\n\t\t\t\t\t\t\t<p><strong>Garantie und Service<\/strong><\/p><p>F\u00fcr einige der in unserem Gesch\u00e4ft verkauften Produkte gilt eine Herstellergarantie. Wenn Sie einen Defekt an einem Ger\u00e4t entdecken, das unter die Garantie f\u00e4llt, wenden Sie sich bitte an die n\u00e4chstgelegene Servicestelle, die auf der Garantiekarte oder auf den Websites der Hersteller angegeben ist. Dies ist ein sehr schnelles Reklamationsverfahren, das es Ihnen erm\u00f6glicht, Ihr Ger\u00e4t in k\u00fcrzester Zeit wieder in Betrieb zu nehmen.<\/p><p>Bitte beachten Sie: Bewahren Sie Ihren Kaufbeleg (Quittung oder Rechnung) und die Originalverpackung bis zum Ende der Garantiezeit auf &#8211; sie sind die Grundlage f\u00fcr die Geltendmachung des Anspruchs.<\/p><p><strong>Beanstandungen<\/strong><\/p><p>Vergewissern Sie sich vor Erhalt Ihrer Sendung, dass diese nicht besch\u00e4digt wurde. Sollte die Verpackung sichtbare \u00e4u\u00dfere Sch\u00e4den aufweisen, empfehlen wir Ihnen, die Annahme des Pakets zu verweigern und uns unter der folgenden <strong>E-Mail-Adresse zu kontaktieren: biuro@evolive.pl.<\/strong><\/p><p>Nach Zahlung des Abholbetrags und Erhalt des Pakets kann das Paket im Beisein des Kuriers ge\u00f6ffnet werden &#8211; bei Unstimmigkeiten wird ein Unstimmigkeitsprotokoll erstellt, das die Grundlage f\u00fcr eine sp\u00e4tere Reklamation ist.<\/p><p><strong>Sollte sich herausstellen, dass die gekaufte Ware Herstellungsfehler aufweist oder nicht der Beschreibung entspricht, gehen Sie bitte wie folgt vor:<\/strong><\/p><p>Schicken Sie das Produkt, das Sie reklamieren m\u00f6chten, an uns und f\u00fcgen Sie eine schriftliche Erkl\u00e4rung bei, in der Sie die Gr\u00fcnde f\u00fcr die Beanstandung des Produkts, die Form der Entsch\u00e4digung sowie die R\u00fccksendeadresse und die Kontonummer, auf die die Erstattung erfolgen soll (je nach Entscheidung des Gesch\u00e4fts), genau beschreiben.<br \/>Innerhalb von 14 Tagen nach Erhalt informieren wir Sie per E-Mail oder telefonisch \u00fcber das Ergebnis des Beschwerdeverfahrens.<br \/>Wenn die Beschwerde erfolgreich ist, entsch\u00e4digen wir Sie innerhalb von 7 Arbeitstagen nach der Entscheidung f\u00fcr die entstandenen Kosten durch: das beworbene Produkt reparieren, Ihnen ein neues Exemplar des Produkts zusenden oder Ihnen das Geld zur\u00fcckerstatten.<br \/>Wird die Beschwerde als ungerechtfertigt angesehen, werden wir Ihnen eine ausf\u00fchrliche Begr\u00fcndung f\u00fcr die getroffene Entscheidung zukommen lassen und Ihnen das beworbene Produkt innerhalb von 14 Werktagen auf unsere Kosten zusenden. Im Falle einer Zahlung per Kreditkarte erfolgt eine R\u00fcckerstattung auf Ihre Karte.<\/p><p>Sollten Sie irgendwelche Zweifel haben, k\u00f6nnen Sie uns gerne per E-Mail kontaktieren: biuro@evolive.pl. Wir werden Sie beraten, wie Sie Ihre Beschwerde schnell und reibungslos bearbeiten k\u00f6nnen.<\/p><p><strong>R\u00fcckgabe von Produkten<\/strong><\/p><p>Gem\u00e4\u00df den geltenden Vorschriften haben Sie das Recht, die von Ihnen bestellten Waren innerhalb von 10 Kalendertagen ab dem Lieferdatum ohne Angabe von Gr\u00fcnden als Widerruf des Vertrags zur\u00fcckzusenden, und zwar nach den allgemeinen Regeln der Verordnung \u00fcber den Abschluss von Fernabsatzvertr\u00e4gen. Dies gilt nur f\u00fcr Verbraucherverk\u00e4ufe, also nur f\u00fcr Verk\u00e4ufe an eine nat\u00fcrliche Person, die einen Kauf zu einem Zweck t\u00e4tigt, der nicht der beruflichen oder gewerblichen T\u00e4tigkeit zugerechnet werden kann.<\/p><p>Die zur\u00fcckgegebene Ware darf keine Gebrauchsspuren aufweisen &#8211; jeder Artikel muss vollst\u00e4ndig und werkseitig verpackt sein, die Ware muss in der Originalverpackung in unver\u00e4ndertem Zustand geliefert werden. Wenn diese Bedingung nicht erf\u00fcllt ist, wird das Produkt nicht angenommen.<\/p><p><strong>Wenn Sie ein Produkt zur\u00fcckgeben m\u00f6chten:<\/strong><\/p><p>Senden Sie das gekaufte Produkt in unbesch\u00e4digtem Zustand und in der Originalverpackung mit dem gesamten Inhalt zur\u00fcck.<br \/>Legen Sie dem Paket eine schriftliche Erkl\u00e4rung bei, aus der hervorgeht, dass Sie das Produkt zur\u00fcckgeben m\u00f6chten, und geben Sie die Kontonummer an, auf die die Erstattung \u00fcberwiesen werden soll.<br \/>Innerhalb von 3 Werktagen nach Erhalt Ihres Pakets \u00fcberpr\u00fcfen wir den Zustand des zur\u00fcckgesandten Produkts (dass es keine Gebrauchsspuren aufweist, nicht besch\u00e4digt oder zerst\u00f6rt wurde und sich in der Originalverpackung mit dem gesamten Inhalt befindet).<br \/>Wenn wir keine Beanstandungen feststellen, senden wir Ihnen eine Information an Ihre E-Mail-Adresse \u00fcber die erfolgreiche R\u00fccksendung des Produkts. Die R\u00fcckerstattung erfolgt innerhalb von 7 Tagen auf die angegebene Kontonummer. Im Falle einer Zahlung per Kreditkarte wird die R\u00fcckerstattung auf Ihre Karte erfolgen.<\/p><p>Wenn Ihre R\u00fccksendung abgelehnt wird (aufgrund von Sch\u00e4den am Produkt oder Gebrauchsspuren), senden wir Ihnen eine E-Mail an die angegebene E-Mail-Adresse, in der wir Sie dar\u00fcber informieren, dass die R\u00fccksendung des Produkts nicht angenommen wurde. Wir senden das Produkt innerhalb von 7 Werktagen an die angegebene R\u00fccksendeadresse zur\u00fcck, wobei wir die Portokosten \u00fcbernehmen.<\/p><p>\u00a0<\/p>\t\t\t\t\t\t<\/div>\n\t\t\t\t<\/div>\n\t\t\t\t\t<\/div>\n\t\t<\/div>\n\t\t\t\t\t\t\t<\/div>\n\t\t<\/section>\n\t\t\t\t\t\t\t<\/div>\n\t\t","protected":false},"excerpt":{"rendered":"<p>Reklamationen und R\u00fccksendungen Garantie und Service F\u00fcr einige der in unserem Gesch\u00e4ft verkauften Produkte gilt eine Herstellergarantie. Wenn Sie einen Defekt an einem Ger\u00e4t entdecken, das unter die Garantie f\u00e4llt, wenden Sie sich bitte an die n\u00e4chstgelegene Servicestelle, die auf der Garantiekarte oder auf den Websites der Hersteller angegeben ist. Dies ist ein sehr schnelles [&hellip;]<\/p>\n","protected":false},"author":4,"featured_media":0,"parent":0,"menu_order":13,"comment_status":"closed","ping_status":"closed","template":"elementor_header_footer","meta":{"footnotes":""},"aioseo_notices":[],"_links":{"self":[{"href":"https:\/\/evolive.pl\/de\/wp-json\/wp\/v2\/pages\/18869"}],"collection":[{"href":"https:\/\/evolive.pl\/de\/wp-json\/wp\/v2\/pages"}],"about":[{"href":"https:\/\/evolive.pl\/de\/wp-json\/wp\/v2\/types\/page"}],"author":[{"embeddable":true,"href":"https:\/\/evolive.pl\/de\/wp-json\/wp\/v2\/users\/4"}],"replies":[{"embeddable":true,"href":"https:\/\/evolive.pl\/de\/wp-json\/wp\/v2\/comments?post=18869"}],"version-history":[{"count":5,"href":"https:\/\/evolive.pl\/de\/wp-json\/wp\/v2\/pages\/18869\/revisions"}],"predecessor-version":[{"id":18874,"href":"https:\/\/evolive.pl\/de\/wp-json\/wp\/v2\/pages\/18869\/revisions\/18874"}],"wp:attachment":[{"href":"https:\/\/evolive.pl\/de\/wp-json\/wp\/v2\/media?parent=18869"}],"curies":[{"name":"wp","href":"https:\/\/api.w.org\/{rel}","templated":true}]}}