{"id":18875,"date":"2022-07-18T12:14:14","date_gmt":"2022-07-18T10:14:14","guid":{"rendered":"https:\/\/evolive.pl\/jak-kupowac\/"},"modified":"2023-08-08T11:00:47","modified_gmt":"2023-08-08T09:00:47","slug":"wie-kann-man-kaufen","status":"publish","type":"page","link":"https:\/\/evolive.pl\/de\/wie-kann-man-kaufen\/","title":{"rendered":"Wie kann man kaufen?"},"content":{"rendered":"\t\t<div data-elementor-type=\"wp-page\" data-elementor-id=\"18875\" class=\"elementor elementor-18875\" data-elementor-post-type=\"page\">\n\t\t\t\t\t\t\t\t\t<section class=\"elementor-section elementor-top-section elementor-element elementor-element-3841839 elementor-section-content-middle elementor-section-boxed elementor-section-height-default elementor-section-height-default\" data-id=\"3841839\" data-element_type=\"section\" data-settings=\"{&quot;background_background&quot;:&quot;gradient&quot;}\">\n\t\t\t\t\t\t<div class=\"elementor-container elementor-column-gap-default\">\n\t\t\t\t\t<div class=\"elementor-column elementor-col-100 elementor-top-column elementor-element elementor-element-a754a0c\" data-id=\"a754a0c\" data-element_type=\"column\">\n\t\t\t<div class=\"elementor-widget-wrap elementor-element-populated\">\n\t\t\t\t\t\t\t\t<div class=\"elementor-element elementor-element-30798b5 elementor-widget elementor-widget-heading\" data-id=\"30798b5\" data-element_type=\"widget\" data-widget_type=\"heading.default\">\n\t\t\t\t<div class=\"elementor-widget-container\">\n\t\t\t<h1 class=\"elementor-heading-title elementor-size-default\">Wie kann man kaufen?<\/h1>\t\t<\/div>\n\t\t\t\t<\/div>\n\t\t\t\t\t<\/div>\n\t\t<\/div>\n\t\t\t\t\t\t\t<\/div>\n\t\t<\/section>\n\t\t\t\t<section class=\"elementor-section elementor-top-section elementor-element elementor-element-13d1acc2 elementor-section-boxed elementor-section-height-default elementor-section-height-default\" data-id=\"13d1acc2\" data-element_type=\"section\">\n\t\t\t\t\t\t<div class=\"elementor-container elementor-column-gap-default\">\n\t\t\t\t\t<div class=\"elementor-column elementor-col-100 elementor-top-column elementor-element elementor-element-10d4ebde\" data-id=\"10d4ebde\" data-element_type=\"column\">\n\t\t\t<div class=\"elementor-widget-wrap elementor-element-populated\">\n\t\t\t\t\t\t\t\t<div class=\"elementor-element elementor-element-25d418f elementor-widget elementor-widget-text-editor\" data-id=\"25d418f\" data-element_type=\"widget\" data-widget_type=\"text-editor.default\">\n\t\t\t\t<div class=\"elementor-widget-container\">\n\t\t\t\t\t\t\t<p><strong>Schritt 1 &#8211; Produktauswahl<\/strong><\/p><p>Bl\u00e4ttern Sie durch die Liste der Kategorien oder verwenden Sie die Suchmaschine, um das richtige Produkt zu finden,<br \/>Neben jedem Produkt finden Sie ausf\u00fchrliche Informationen \u00fcber das Produkt,<br \/>Denken Sie daran, dass registrierte Kunden Produkte im Lagerraum speichern k\u00f6nnen,<br \/>Wenn Sie das Produkt gefunden haben, das Sie interessiert, legen Sie es in den Warenkorb,<br \/>wenn Ihre Bestellung vollst\u00e4ndig ist &#8211; gehen Sie zum Warenkorb.<\/p><p><br \/><strong>Schritt 2 &#8211; Inhalt des Warenkorbs<\/strong><\/p><p>Im Warenkorb sehen Sie genau, welche Produkte Sie ausgew\u00e4hlt haben und in welcher Menge,<br \/>\u00c4ndern Sie den Wert in der Spalte Menge und klicken Sie auf &#8222;Neu berechnen&#8220;, um Ihre Bestellung anzupassen,<br \/>klicken Sie auf das Minus-Symbol, um Produkte aus dem Warenkorb zu entfernen,<br \/>Vervollst\u00e4ndigen Sie die Zahlungs- und Lieferdaten (\u00fcberpr\u00fcfen Sie, ob sie \u00fcbereinstimmen),<\/p><p>Wenn Sie einen Rabattcoupon haben, geben Sie ihn unten ein, um den Rabatt zu erhalten,<br \/>Best\u00e4tigen Sie Ihre Auswahl, indem Sie auf die Schaltfl\u00e4che &#8222;Jetzt bestellen&#8220; klicken.<\/p><p><br \/><strong>Schritt 3 &#8211; Ihre Bestellung aufgeben<\/strong><\/p><p>Wenn Sie ein Konto bei uns haben, geben Sie Ihre Anmeldedaten ein und klicken Sie auf &#8222;Anmelden&#8220;,<br \/>Wenn Sie noch kein Konto haben, w\u00e4hlen Sie &#8222;Registrieren&#8220; oder \u00fcberspringen Sie die Erstellung eines Kontos, indem Sie auf &#8222;Bestellung aufgeben&#8220; klicken; denken Sie daran, dass Sie durch die Registrierung viele Privilegien genie\u00dfen k\u00f6nnen, wie z.B:<br \/>Einsicht in den Bearbeitungsstatus Ihrer Bestellung und in die Kaufhistorie,<br \/>Sie m\u00fcssen Ihre Daten bei sp\u00e4teren Eink\u00e4ufen nicht erneut eingeben,<br \/>die M\u00f6glichkeit, individuelle Rabatte und Gutscheine zu erhalten.<br \/>Geben Sie Ihren Namen und Ihre Kontaktinformationen ein,<br \/>wenn Sie Ihre Bestellung an eine andere Adresse liefern lassen m\u00f6chten, w\u00e4hlen Sie &#8222;andere Lieferadresse&#8220; und geben Sie die entsprechenden Daten ein,<br \/>wenn Sie zus\u00e4tzliche Informationen \u00fcber die Bearbeitung Ihrer Bestellung erhalten m\u00f6chten, geben Sie diese in das Feld &#8222;Kommentare&#8220; ein<br \/>nachdem Sie auf &#8222;Zusammenfassung&#8220; geklickt haben, sehen Sie die vollst\u00e4ndigen Angaben, die Sie gemacht haben,<br \/>durch Anklicken der Schaltfl\u00e4che &#8222;Jetzt bestellen&#8220; best\u00e4tigen Sie Ihren Kauf,<br \/>warten Sie auf eine Kontaktaufnahme von unserer Seite. Wir werden Sie \u00fcber die Verf\u00fcgbarkeit der Waren, die Zeit und die Kosten des Versands und die Bedingungen des Kaufs informieren,<\/p><p><br \/>Bitte beachten Sie, dass registrierte Kunden den Status ihrer Bestellungen in ihrem Konto verfolgen k\u00f6nnen.<\/p>\t\t\t\t\t\t<\/div>\n\t\t\t\t<\/div>\n\t\t\t\t\t<\/div>\n\t\t<\/div>\n\t\t\t\t\t\t\t<\/div>\n\t\t<\/section>\n\t\t\t\t\t\t\t<\/div>\n\t\t","protected":false},"excerpt":{"rendered":"<p>Wie kann man kaufen? Schritt 1 &#8211; Produktauswahl Bl\u00e4ttern Sie durch die Liste der Kategorien oder verwenden Sie die Suchmaschine, um das richtige Produkt zu finden,Neben jedem Produkt finden Sie ausf\u00fchrliche Informationen \u00fcber das Produkt,Denken Sie daran, dass registrierte Kunden Produkte im Lagerraum speichern k\u00f6nnen,Wenn Sie das Produkt gefunden haben, das Sie interessiert, legen Sie [&hellip;]<\/p>\n","protected":false},"author":4,"featured_media":0,"parent":0,"menu_order":14,"comment_status":"closed","ping_status":"closed","template":"elementor_header_footer","meta":{"footnotes":""},"aioseo_notices":[],"_links":{"self":[{"href":"https:\/\/evolive.pl\/de\/wp-json\/wp\/v2\/pages\/18875"}],"collection":[{"href":"https:\/\/evolive.pl\/de\/wp-json\/wp\/v2\/pages"}],"about":[{"href":"https:\/\/evolive.pl\/de\/wp-json\/wp\/v2\/types\/page"}],"author":[{"embeddable":true,"href":"https:\/\/evolive.pl\/de\/wp-json\/wp\/v2\/users\/4"}],"replies":[{"embeddable":true,"href":"https:\/\/evolive.pl\/de\/wp-json\/wp\/v2\/comments?post=18875"}],"version-history":[{"count":4,"href":"https:\/\/evolive.pl\/de\/wp-json\/wp\/v2\/pages\/18875\/revisions"}],"predecessor-version":[{"id":18879,"href":"https:\/\/evolive.pl\/de\/wp-json\/wp\/v2\/pages\/18875\/revisions\/18879"}],"wp:attachment":[{"href":"https:\/\/evolive.pl\/de\/wp-json\/wp\/v2\/media?parent=18875"}],"curies":[{"name":"wp","href":"https:\/\/api.w.org\/{rel}","templated":true}]}}