{"id":18880,"date":"2022-07-18T12:14:57","date_gmt":"2022-07-18T10:14:57","guid":{"rendered":"https:\/\/evolive.pl\/polityka-prywatnosci\/"},"modified":"2023-08-08T11:04:35","modified_gmt":"2023-08-08T09:04:35","slug":"datenschutzbestimmungen","status":"publish","type":"page","link":"https:\/\/evolive.pl\/de\/datenschutzbestimmungen\/","title":{"rendered":"Datenschutzbestimmungen"},"content":{"rendered":"\t\t<div data-elementor-type=\"wp-page\" data-elementor-id=\"18880\" class=\"elementor elementor-18880\" data-elementor-post-type=\"page\">\n\t\t\t\t\t\t\t\t\t<section class=\"elementor-section elementor-top-section elementor-element elementor-element-76be795 elementor-section-content-middle elementor-section-boxed elementor-section-height-default elementor-section-height-default\" data-id=\"76be795\" data-element_type=\"section\" data-settings=\"{&quot;background_background&quot;:&quot;gradient&quot;}\">\n\t\t\t\t\t\t<div class=\"elementor-container elementor-column-gap-default\">\n\t\t\t\t\t<div class=\"elementor-column elementor-col-100 elementor-top-column elementor-element elementor-element-50a0842\" data-id=\"50a0842\" data-element_type=\"column\">\n\t\t\t<div class=\"elementor-widget-wrap elementor-element-populated\">\n\t\t\t\t\t\t\t\t<div class=\"elementor-element elementor-element-dd50e9f elementor-widget elementor-widget-heading\" data-id=\"dd50e9f\" data-element_type=\"widget\" data-widget_type=\"heading.default\">\n\t\t\t\t<div class=\"elementor-widget-container\">\n\t\t\t<h1 class=\"elementor-heading-title elementor-size-default\">Shop-Datenschutzerkl\u00e4rung<\/h1>\t\t<\/div>\n\t\t\t\t<\/div>\n\t\t\t\t\t<\/div>\n\t\t<\/div>\n\t\t\t\t\t\t\t<\/div>\n\t\t<\/section>\n\t\t\t\t<section class=\"elementor-section elementor-top-section elementor-element elementor-element-4a8c51a0 elementor-section-boxed elementor-section-height-default elementor-section-height-default\" data-id=\"4a8c51a0\" data-element_type=\"section\">\n\t\t\t\t\t\t<div class=\"elementor-container elementor-column-gap-default\">\n\t\t\t\t\t<div class=\"elementor-column elementor-col-100 elementor-top-column elementor-element elementor-element-5f105d57\" data-id=\"5f105d57\" data-element_type=\"column\">\n\t\t\t<div class=\"elementor-widget-wrap elementor-element-populated\">\n\t\t\t\t\t\t\t\t<div class=\"elementor-element elementor-element-37fd4f6c elementor-widget elementor-widget-text-editor\" data-id=\"37fd4f6c\" data-element_type=\"widget\" data-widget_type=\"text-editor.default\">\n\t\t\t\t<div class=\"elementor-widget-container\">\n\t\t\t\t\t\t\t<p><strong>Wir stellen sicher, dass unsere Kunden ihre Privatsph\u00e4re vollst\u00e4ndig respektieren und ihre pers\u00f6nlichen Daten sch\u00fctzen.<\/strong><\/p><p>Wir verarbeiten die uns von den Kunden zur Verf\u00fcgung gestellten personenbezogenen Daten im Rahmen der von den Kunden erteilten Erlaubnis und der gesetzlichen Bestimmungen, insbesondere gem\u00e4\u00df dem Gesetz \u00fcber den Schutz personenbezogener Daten vom 29. August 1997 (Gesetzblatt Nr. 133, Pos. 883, mit \u00c4nderungen). Wir speichern die pers\u00f6nlichen Daten der Kunden auf Servern, die ihre volle Sicherheit gew\u00e4hrleisten. Nur autorisierte Mitarbeiter des Gesch\u00e4fts haben Zugang zur Datenbank.<\/p><p>Jeder Kunde, der uns seine pers\u00f6nlichen Daten zur Verf\u00fcgung gestellt hat, hat vollen Zugriff auf seine Daten, um sie zu \u00fcberpr\u00fcfen, zu \u00e4ndern oder ihre L\u00f6schung zu verlangen.<\/p><p>Der Shop gibt die gesammelten pers\u00f6nlichen Daten der Kunden nicht an Dritte weiter, verkauft oder verleiht sie nicht, es sei denn mit ausdr\u00fccklicher Zustimmung oder auf Wunsch des Kunden oder auf Wunsch der gesetzlich befugten staatlichen Organe im Zusammenhang mit laufenden Verfahren.<\/p><p>Unser Shop verwendet auch sogenannte Cookies. Diese Dateien werden von unserem Server auf dem Computer des Kunden gespeichert und liefern statistische Daten \u00fcber die Aktivit\u00e4ten des Kunden, um unser Angebot an die individuellen Bed\u00fcrfnisse und Vorlieben des Kunden anzupassen. Der Kunde kann die Option zur Annahme von Cookies in seinem Internetbrowser jederzeit deaktivieren, wobei er sich jedoch bewusst sein muss, dass die Deaktivierung dieser Dateien in einigen F\u00e4llen die Nutzung des Angebots unseres Shops erschweren kann. Die auf dem Computer des Kunden gespeicherten Cookie-Dateien speichern Informationen \u00fcber:<\/p><p>Benutzersitzungen,<br \/>zuletzt angesehene Produkte,<br \/>abgegebene Stimmen bei Umfragen.<\/p><p>Wir m\u00f6chten Sie darauf aufmerksam machen, dass wir, wenn wir auf der Website unseres Shops Links platzieren, die zu anderen, nicht von uns verwalteten Websites f\u00fchren, weder f\u00fcr den Inhalt dieser Websites noch f\u00fcr das von den Verwaltern dieser Websites umgesetzte Datenschutzniveau verantwortlich sind. Wenn Sie sich entscheiden, solche Seiten zu besuchen, tun Sie dies auf eigenes Risiko. Wir empfehlen Ihnen, die Datenschutzrichtlinien dieser Websites zu lesen, bevor Sie ihnen Ihre pers\u00f6nlichen Daten zur Verf\u00fcgung stellen.<\/p><p>Wir senden unseren Kunden nur dann Werbe- und Verkaufsf\u00f6rderungsmaterial zu, wenn sie ihre Zustimmung dazu gegeben haben. Dies gilt insbesondere f\u00fcr Newsletter, die dem Kunden zugesandt werden, wenn er den von uns deutlich angegebenen Link best\u00e4tigt, der die Zustimmung zum Erhalt von Newslettern \u00fcber aktuelle Aktionen, Rabatte und Neuigkeiten in unserem Gesch\u00e4ft enth\u00e4lt. Diese Materialien beziehen sich ausschlie\u00dflich auf das Angebot unseres Shops.<\/p><p>Fragen, W\u00fcnsche und Anregungen zum Schutz Ihrer Privatsph\u00e4re, insbesondere Ihrer pers\u00f6nlichen Daten, richten Sie bitte an die folgende Adresse oder telefonisch an .<\/p>\t\t\t\t\t\t<\/div>\n\t\t\t\t<\/div>\n\t\t\t\t\t<\/div>\n\t\t<\/div>\n\t\t\t\t\t\t\t<\/div>\n\t\t<\/section>\n\t\t\t\t\t\t\t<\/div>\n\t\t","protected":false},"excerpt":{"rendered":"<p>Shop-Datenschutzerkl\u00e4rung Wir stellen sicher, dass unsere Kunden ihre Privatsph\u00e4re vollst\u00e4ndig respektieren und ihre pers\u00f6nlichen Daten sch\u00fctzen. Wir verarbeiten die uns von den Kunden zur Verf\u00fcgung gestellten personenbezogenen Daten im Rahmen der von den Kunden erteilten Erlaubnis und der gesetzlichen Bestimmungen, insbesondere gem\u00e4\u00df dem Gesetz \u00fcber den Schutz personenbezogener Daten vom 29. August 1997 (Gesetzblatt Nr. [&hellip;]<\/p>\n","protected":false},"author":4,"featured_media":0,"parent":0,"menu_order":15,"comment_status":"closed","ping_status":"closed","template":"elementor_header_footer","meta":{"footnotes":""},"aioseo_notices":[],"_links":{"self":[{"href":"https:\/\/evolive.pl\/de\/wp-json\/wp\/v2\/pages\/18880"}],"collection":[{"href":"https:\/\/evolive.pl\/de\/wp-json\/wp\/v2\/pages"}],"about":[{"href":"https:\/\/evolive.pl\/de\/wp-json\/wp\/v2\/types\/page"}],"author":[{"embeddable":true,"href":"https:\/\/evolive.pl\/de\/wp-json\/wp\/v2\/users\/4"}],"replies":[{"embeddable":true,"href":"https:\/\/evolive.pl\/de\/wp-json\/wp\/v2\/comments?post=18880"}],"version-history":[{"count":4,"href":"https:\/\/evolive.pl\/de\/wp-json\/wp\/v2\/pages\/18880\/revisions"}],"predecessor-version":[{"id":18884,"href":"https:\/\/evolive.pl\/de\/wp-json\/wp\/v2\/pages\/18880\/revisions\/18884"}],"wp:attachment":[{"href":"https:\/\/evolive.pl\/de\/wp-json\/wp\/v2\/media?parent=18880"}],"curies":[{"name":"wp","href":"https:\/\/api.w.org\/{rel}","templated":true}]}}