{"id":18887,"date":"2022-07-18T12:12:26","date_gmt":"2022-07-18T10:12:26","guid":{"rendered":"https:\/\/evolive.pl\/koszt-dostawy\/"},"modified":"2023-08-08T11:11:18","modified_gmt":"2023-08-08T09:11:18","slug":"kosten-der-lieferung","status":"publish","type":"page","link":"https:\/\/evolive.pl\/de\/kosten-der-lieferung\/","title":{"rendered":"Kosten der Lieferung"},"content":{"rendered":"\t\t<div data-elementor-type=\"wp-page\" data-elementor-id=\"18887\" class=\"elementor elementor-18887\" data-elementor-post-type=\"page\">\n\t\t\t\t\t\t\t\t\t<section class=\"elementor-section elementor-top-section elementor-element elementor-element-9f21ebf elementor-section-content-middle elementor-section-boxed elementor-section-height-default elementor-section-height-default\" data-id=\"9f21ebf\" data-element_type=\"section\" data-settings=\"{&quot;background_background&quot;:&quot;gradient&quot;}\">\n\t\t\t\t\t\t<div class=\"elementor-container elementor-column-gap-default\">\n\t\t\t\t\t<div class=\"elementor-column elementor-col-100 elementor-top-column elementor-element elementor-element-45f94d3\" data-id=\"45f94d3\" data-element_type=\"column\">\n\t\t\t<div class=\"elementor-widget-wrap elementor-element-populated\">\n\t\t\t\t\t\t\t\t<div class=\"elementor-element elementor-element-cb20242 elementor-widget elementor-widget-heading\" data-id=\"cb20242\" data-element_type=\"widget\" data-widget_type=\"heading.default\">\n\t\t\t\t<div class=\"elementor-widget-container\">\n\t\t\t<h1 class=\"elementor-heading-title elementor-size-default\">Kosten der Lieferung<\/h1>\t\t<\/div>\n\t\t\t\t<\/div>\n\t\t\t\t\t<\/div>\n\t\t<\/div>\n\t\t\t\t\t\t\t<\/div>\n\t\t<\/section>\n\t\t\t\t<section class=\"elementor-section elementor-top-section elementor-element elementor-element-5179ab77 elementor-section-boxed elementor-section-height-default elementor-section-height-default\" data-id=\"5179ab77\" data-element_type=\"section\">\n\t\t\t\t\t\t<div class=\"elementor-container elementor-column-gap-default\">\n\t\t\t\t\t<div class=\"elementor-column elementor-col-100 elementor-top-column elementor-element elementor-element-6f5f7769\" data-id=\"6f5f7769\" data-element_type=\"column\">\n\t\t\t<div class=\"elementor-widget-wrap elementor-element-populated\">\n\t\t\t\t\t\t\t\t<div class=\"elementor-element elementor-element-37e7fdb elementor-widget elementor-widget-text-editor\" data-id=\"37e7fdb\" data-element_type=\"widget\" data-widget_type=\"text-editor.default\">\n\t\t\t\t<div class=\"elementor-widget-container\">\n\t\t\t\t\t\t\t<p>Je nach Menge und Gewicht der bestellten Produkte, der von Ihnen gew\u00e4hlten Zahlungsart und Ihren eigenen Pr\u00e4ferenzen k\u00f6nnen Sie eine der Versandarten w\u00e4hlen:<\/p><p><strong>Schnellste und sicherste:<\/strong><br \/>Kurierdienst &#8211; die Lieferung erfolgt durch den professionellen Kurierdienst UPS. Die Wahl eines Kurierdienstes bedeutet Bequemlichkeit und die Gewissheit, dass Ihre Bestellung p\u00fcnktlich und zu einem g\u00fcnstigen Preis ankommt. Au\u00dferdem erhalten Sie einen Link zu einer Seite an Ihre E-Mail-Adresse, auf der Sie in Echtzeit \u00fcberpr\u00fcfen k\u00f6nnen, wo sich Ihr Paket befindet.<\/p><p><br \/><strong>Am billigsten:<\/strong><br \/>Die polnische Post ist die g\u00fcnstigste Versandoption. Ihre Bestellung wird \u00fcber die polnische Post als Priority- oder Economy-Post zugestellt.<br \/>Kosten der Lieferung<\/p><p>Die Gesamtkosten f\u00fcr die Lieferung Ihrer Bestellung erfahren Sie, wenn Sie Produkte in den Warenkorb legen und die gew\u00fcnschte Liefer- und Zahlungsart ausw\u00e4hlen &#8211; den genauen zu zahlenden Betrag sehen Sie in der Zusammenfassung. Nachstehend finden Sie eine Auflistung der Standard-Lieferkosten sowie die voraussichtlichen Lieferzeiten f\u00fcr Ihre Bestellung:<\/p><p>Liefermethode Vorauszahlung<br \/>(Bank\u00fcberweisung oder Online-Zahlung) Lieferzeit<br \/>1 DHL-Paket 22 PLN 1-2 Arbeitstage<br \/>1 volle Palette (30 Platten) 300 PLN 2-3 Arbeitstage<br \/>1 unvollst\u00e4ndige Palette (weniger als 30 Platten) 330 PLN 3-5 Arbeitstage<br \/>Europalette (120&#215;80) 190 PLN 3-5 Werktage<br \/>Halbe Palette (60&#215;80) 130 PLN 3-5 Arbeitstage<br \/>Quadratische Palette 230 PLN 3-5 Arbeitstage<\/p><p>Hinweis: Die Lieferkosten k\u00f6nnen sich bei Produkten mit nicht standardisierten Abmessungen und\/oder h\u00f6herem Gewicht erh\u00f6hen.<\/p>\t\t\t\t\t\t<\/div>\n\t\t\t\t<\/div>\n\t\t\t\t\t<\/div>\n\t\t<\/div>\n\t\t\t\t\t\t\t<\/div>\n\t\t<\/section>\n\t\t\t\t\t\t\t<\/div>\n\t\t","protected":false},"excerpt":{"rendered":"<p>Kosten der Lieferung Je nach Menge und Gewicht der bestellten Produkte, der von Ihnen gew\u00e4hlten Zahlungsart und Ihren eigenen Pr\u00e4ferenzen k\u00f6nnen Sie eine der Versandarten w\u00e4hlen: Schnellste und sicherste:Kurierdienst &#8211; die Lieferung erfolgt durch den professionellen Kurierdienst UPS. Die Wahl eines Kurierdienstes bedeutet Bequemlichkeit und die Gewissheit, dass Ihre Bestellung p\u00fcnktlich und zu einem g\u00fcnstigen [&hellip;]<\/p>\n","protected":false},"author":4,"featured_media":0,"parent":0,"menu_order":12,"comment_status":"closed","ping_status":"closed","template":"elementor_header_footer","meta":{"footnotes":""},"aioseo_notices":[],"_links":{"self":[{"href":"https:\/\/evolive.pl\/de\/wp-json\/wp\/v2\/pages\/18887"}],"collection":[{"href":"https:\/\/evolive.pl\/de\/wp-json\/wp\/v2\/pages"}],"about":[{"href":"https:\/\/evolive.pl\/de\/wp-json\/wp\/v2\/types\/page"}],"author":[{"embeddable":true,"href":"https:\/\/evolive.pl\/de\/wp-json\/wp\/v2\/users\/4"}],"replies":[{"embeddable":true,"href":"https:\/\/evolive.pl\/de\/wp-json\/wp\/v2\/comments?post=18887"}],"version-history":[{"count":4,"href":"https:\/\/evolive.pl\/de\/wp-json\/wp\/v2\/pages\/18887\/revisions"}],"predecessor-version":[{"id":18892,"href":"https:\/\/evolive.pl\/de\/wp-json\/wp\/v2\/pages\/18887\/revisions\/18892"}],"wp:attachment":[{"href":"https:\/\/evolive.pl\/de\/wp-json\/wp\/v2\/media?parent=18887"}],"curies":[{"name":"wp","href":"https:\/\/api.w.org\/{rel}","templated":true}]}}