{"id":18893,"date":"2022-07-18T12:11:33","date_gmt":"2022-07-18T10:11:33","guid":{"rendered":"https:\/\/evolive.pl\/formy-platnosci\/"},"modified":"2023-08-08T11:15:38","modified_gmt":"2023-08-08T09:15:38","slug":"formen-der-bezahlung","status":"publish","type":"page","link":"https:\/\/evolive.pl\/de\/formen-der-bezahlung\/","title":{"rendered":"Formen der Bezahlung"},"content":{"rendered":"\t\t<div data-elementor-type=\"wp-page\" data-elementor-id=\"18893\" class=\"elementor elementor-18893\" data-elementor-post-type=\"page\">\n\t\t\t\t\t\t\t\t\t<section class=\"elementor-section elementor-top-section elementor-element elementor-element-bba6a0e elementor-section-content-middle elementor-section-boxed elementor-section-height-default elementor-section-height-default\" data-id=\"bba6a0e\" data-element_type=\"section\" data-settings=\"{&quot;background_background&quot;:&quot;gradient&quot;}\">\n\t\t\t\t\t\t<div class=\"elementor-container elementor-column-gap-default\">\n\t\t\t\t\t<div class=\"elementor-column elementor-col-100 elementor-top-column elementor-element elementor-element-ee188dc\" data-id=\"ee188dc\" data-element_type=\"column\">\n\t\t\t<div class=\"elementor-widget-wrap elementor-element-populated\">\n\t\t\t\t\t\t\t\t<div class=\"elementor-element elementor-element-1a907a9 elementor-widget elementor-widget-heading\" data-id=\"1a907a9\" data-element_type=\"widget\" data-widget_type=\"heading.default\">\n\t\t\t\t<div class=\"elementor-widget-container\">\n\t\t\t<h1 class=\"elementor-heading-title elementor-size-default\">Formen der Bezahlung<\/h1>\t\t<\/div>\n\t\t\t\t<\/div>\n\t\t\t\t\t<\/div>\n\t\t<\/div>\n\t\t\t\t\t\t\t<\/div>\n\t\t<\/section>\n\t\t\t\t<section class=\"elementor-section elementor-top-section elementor-element elementor-element-585dce2f elementor-section-boxed elementor-section-height-default elementor-section-height-default\" data-id=\"585dce2f\" data-element_type=\"section\">\n\t\t\t\t\t\t<div class=\"elementor-container elementor-column-gap-default\">\n\t\t\t\t\t<div class=\"elementor-column elementor-col-100 elementor-top-column elementor-element elementor-element-37cb4ec8\" data-id=\"37cb4ec8\" data-element_type=\"column\">\n\t\t\t<div class=\"elementor-widget-wrap elementor-element-populated\">\n\t\t\t\t\t\t\t\t<div class=\"elementor-element elementor-element-2ad2095e elementor-widget elementor-widget-text-editor\" data-id=\"2ad2095e\" data-element_type=\"widget\" data-widget_type=\"text-editor.default\">\n\t\t\t\t<div class=\"elementor-widget-container\">\n\t\t\t\t\t\t\t<p>Je nach dem Wert Ihrer Bestellung, der von Ihnen gew\u00e4hlten Versandart und Ihren eigenen Pr\u00e4ferenzen k\u00f6nnen Sie eine der folgenden Zahlungsarten w\u00e4hlen:<\/p><p><strong>\u00dcberweisung<\/strong> &#8211; die Zahlung sollte auf das angegebene Bankkonto erfolgen, das wir Ihnen in der E-Mail mit der Best\u00e4tigung der Annahme Ihrer Bestellung mitteilen. Sie k\u00f6nnen die \u00dcberweisung online, auf dem Postamt oder bei der Bank vornehmen. Sobald die Zahlung auf unserem Konto eingegangen ist, werden wir mit der Bearbeitung Ihrer Bestellung beginnen.<\/p>\t\t\t\t\t\t<\/div>\n\t\t\t\t<\/div>\n\t\t\t\t\t<\/div>\n\t\t<\/div>\n\t\t\t\t\t\t\t<\/div>\n\t\t<\/section>\n\t\t\t\t\t\t\t<\/div>\n\t\t","protected":false},"excerpt":{"rendered":"<p>Formen der Bezahlung Je nach dem Wert Ihrer Bestellung, der von Ihnen gew\u00e4hlten Versandart und Ihren eigenen Pr\u00e4ferenzen k\u00f6nnen Sie eine der folgenden Zahlungsarten w\u00e4hlen: \u00dcberweisung &#8211; die Zahlung sollte auf das angegebene Bankkonto erfolgen, das wir Ihnen in der E-Mail mit der Best\u00e4tigung der Annahme Ihrer Bestellung mitteilen. Sie k\u00f6nnen die \u00dcberweisung online, auf [&hellip;]<\/p>\n","protected":false},"author":4,"featured_media":0,"parent":0,"menu_order":11,"comment_status":"closed","ping_status":"closed","template":"elementor_header_footer","meta":{"footnotes":""},"aioseo_notices":[],"_links":{"self":[{"href":"https:\/\/evolive.pl\/de\/wp-json\/wp\/v2\/pages\/18893"}],"collection":[{"href":"https:\/\/evolive.pl\/de\/wp-json\/wp\/v2\/pages"}],"about":[{"href":"https:\/\/evolive.pl\/de\/wp-json\/wp\/v2\/types\/page"}],"author":[{"embeddable":true,"href":"https:\/\/evolive.pl\/de\/wp-json\/wp\/v2\/users\/4"}],"replies":[{"embeddable":true,"href":"https:\/\/evolive.pl\/de\/wp-json\/wp\/v2\/comments?post=18893"}],"version-history":[{"count":4,"href":"https:\/\/evolive.pl\/de\/wp-json\/wp\/v2\/pages\/18893\/revisions"}],"predecessor-version":[{"id":18897,"href":"https:\/\/evolive.pl\/de\/wp-json\/wp\/v2\/pages\/18893\/revisions\/18897"}],"wp:attachment":[{"href":"https:\/\/evolive.pl\/de\/wp-json\/wp\/v2\/media?parent=18893"}],"curies":[{"name":"wp","href":"https:\/\/api.w.org\/{rel}","templated":true}]}}