{"id":18898,"date":"2022-07-18T12:10:12","date_gmt":"2022-07-18T10:10:12","guid":{"rendered":"https:\/\/evolive.pl\/czas-realizacji-zamowienia\/"},"modified":"2023-08-08T11:18:31","modified_gmt":"2023-08-08T09:18:31","slug":"vorlaufzeit","status":"publish","type":"page","link":"https:\/\/evolive.pl\/de\/vorlaufzeit\/","title":{"rendered":"Vorlaufzeit"},"content":{"rendered":"\t\t<div data-elementor-type=\"wp-page\" data-elementor-id=\"18898\" class=\"elementor elementor-18898\" data-elementor-post-type=\"page\">\n\t\t\t\t\t\t\t\t\t<section class=\"elementor-section elementor-top-section elementor-element elementor-element-907da7f elementor-section-content-middle elementor-section-boxed elementor-section-height-default elementor-section-height-default\" data-id=\"907da7f\" data-element_type=\"section\" data-settings=\"{&quot;background_background&quot;:&quot;gradient&quot;}\">\n\t\t\t\t\t\t<div class=\"elementor-container elementor-column-gap-default\">\n\t\t\t\t\t<div class=\"elementor-column elementor-col-100 elementor-top-column elementor-element elementor-element-e492445\" data-id=\"e492445\" data-element_type=\"column\">\n\t\t\t<div class=\"elementor-widget-wrap elementor-element-populated\">\n\t\t\t\t\t\t\t\t<div class=\"elementor-element elementor-element-bd05799 elementor-widget elementor-widget-heading\" data-id=\"bd05799\" data-element_type=\"widget\" data-widget_type=\"heading.default\">\n\t\t\t\t<div class=\"elementor-widget-container\">\n\t\t\t<h1 class=\"elementor-heading-title elementor-size-default\">Vorlaufzeit<\/h1>\t\t<\/div>\n\t\t\t\t<\/div>\n\t\t\t\t\t<\/div>\n\t\t<\/div>\n\t\t\t\t\t\t\t<\/div>\n\t\t<\/section>\n\t\t\t\t<section class=\"elementor-section elementor-top-section elementor-element elementor-element-99b23a5 elementor-section-boxed elementor-section-height-default elementor-section-height-default\" data-id=\"99b23a5\" data-element_type=\"section\">\n\t\t\t\t\t\t<div class=\"elementor-container elementor-column-gap-default\">\n\t\t\t\t\t<div class=\"elementor-column elementor-col-100 elementor-top-column elementor-element elementor-element-62331c50\" data-id=\"62331c50\" data-element_type=\"column\">\n\t\t\t<div class=\"elementor-widget-wrap elementor-element-populated\">\n\t\t\t\t\t\t\t\t<div class=\"elementor-element elementor-element-59c7dfd elementor-widget elementor-widget-text-editor\" data-id=\"59c7dfd\" data-element_type=\"widget\" data-widget_type=\"text-editor.default\">\n\t\t\t\t<div class=\"elementor-widget-container\">\n\t\t\t\t\t\t\t<p>Nach Ihrer Bestellung wird sich einer der Mitarbeiter mit Ihnen in Verbindung setzen, um die Verf\u00fcgbarkeit der Ware sowie die Versandkosten zu kl\u00e4ren. Nach Annahme der Bestellbedingungen wird ein Proforma-Beleg zur Zahlung ausgestellt. Nach der Gutschrift des Geldes auf unserem Konto beginnen wir mit der Bearbeitung der Bestellung und Sie werden \u00fcber den Fortschritt unserer Arbeit auf dem Laufenden gehalten.<\/p><p><strong>Empfangsdatum des Pakets = Versanddatum + Lieferzeit<\/strong><\/p><p>Der Versandtermin ergibt sich aus der Verf\u00fcgbarkeit der Produkte, w\u00e4hrend die Lieferzeit von der gew\u00e4hlten Versandart abh\u00e4ngt.<\/p><p><strong>Verf\u00fcgbarkeit von Produkten<\/strong><\/p><p>Je nach Verf\u00fcgbarkeit kann die Lieferung zwischen 24 Stunden und mehreren, teilweise sogar mehreren Tagen (bei schwer erreichbaren Produkten) dauern. Wir bem\u00fchen uns sicherzustellen, dass das auf der Website dargestellte Angebot den tats\u00e4chlichen Lagerbest\u00e4nden entspricht. Es kann jedoch vorkommen, dass sich die tats\u00e4chliche Lieferzeit verl\u00e4ngert. Wir informieren Sie umgehend.<\/p><p>Wenn Sie mehrere Produkte bestellen, wird die Versandzeit der gesamten Bestellung an das Produkt mit der l\u00e4ngsten Versandzeit angepasst. Sie k\u00f6nnen die Bestellung in Etappen abschlie\u00dfen \u2013 kontaktieren Sie uns dazu oder geben Sie in den Kommentaren zur Bestellung den entsprechenden Vermerk ein.<\/p><p><strong>Bezahlverfahren<\/strong><\/p><p>Zahlung per Bank\u00fcberweisung \u2013 die Bearbeitungszeit der Bestellung h\u00e4ngt vom Zeitpunkt der Buchung der Zahlung ab. Je nach Bank dauert es in der Regel bis zu zwei Werktage.<\/p><p><strong>&gt;&gt;Zahlungsarten<\/strong><\/p><p><strong>Lieferform<\/strong><\/p><p>Das Kurierunternehmen erm\u00f6glicht die Lieferung der Bestellung in der Regel innerhalb von 1-2 Werktagen nach Versand.<\/p><p>Poczta Polska liefert Pakete in der Regel innerhalb der angegebenen 2 Werktage per Priority-Post oder 3-5 Tagen per Wirtschaftspost.<\/p>\t\t\t\t\t\t<\/div>\n\t\t\t\t<\/div>\n\t\t\t\t\t<\/div>\n\t\t<\/div>\n\t\t\t\t\t\t\t<\/div>\n\t\t<\/section>\n\t\t\t\t\t\t\t<\/div>\n\t\t","protected":false},"excerpt":{"rendered":"<p>Vorlaufzeit Nach Ihrer Bestellung wird sich einer der Mitarbeiter mit Ihnen in Verbindung setzen, um die Verf\u00fcgbarkeit der Ware sowie die Versandkosten zu kl\u00e4ren. Nach Annahme der Bestellbedingungen wird ein Proforma-Beleg zur Zahlung ausgestellt. Nach der Gutschrift des Geldes auf unserem Konto beginnen wir mit der Bearbeitung der Bestellung und Sie werden \u00fcber den Fortschritt [&hellip;]<\/p>\n","protected":false},"author":4,"featured_media":0,"parent":0,"menu_order":10,"comment_status":"closed","ping_status":"closed","template":"elementor_header_footer","meta":{"footnotes":""},"aioseo_notices":[],"_links":{"self":[{"href":"https:\/\/evolive.pl\/de\/wp-json\/wp\/v2\/pages\/18898"}],"collection":[{"href":"https:\/\/evolive.pl\/de\/wp-json\/wp\/v2\/pages"}],"about":[{"href":"https:\/\/evolive.pl\/de\/wp-json\/wp\/v2\/types\/page"}],"author":[{"embeddable":true,"href":"https:\/\/evolive.pl\/de\/wp-json\/wp\/v2\/users\/4"}],"replies":[{"embeddable":true,"href":"https:\/\/evolive.pl\/de\/wp-json\/wp\/v2\/comments?post=18898"}],"version-history":[{"count":4,"href":"https:\/\/evolive.pl\/de\/wp-json\/wp\/v2\/pages\/18898\/revisions"}],"predecessor-version":[{"id":18902,"href":"https:\/\/evolive.pl\/de\/wp-json\/wp\/v2\/pages\/18898\/revisions\/18902"}],"wp:attachment":[{"href":"https:\/\/evolive.pl\/de\/wp-json\/wp\/v2\/media?parent=18898"}],"curies":[{"name":"wp","href":"https:\/\/api.w.org\/{rel}","templated":true}]}}