{"id":7315,"date":"2022-07-18T12:11:33","date_gmt":"2022-07-18T10:11:33","guid":{"rendered":"https:\/\/evolive.pl\/?page_id=7315"},"modified":"2023-02-27T19:09:48","modified_gmt":"2023-02-27T18:09:48","slug":"payment","status":"publish","type":"page","link":"https:\/\/evolive.pl\/en\/payment\/","title":{"rendered":"Payment"},"content":{"rendered":"\t\t<div data-elementor-type=\"wp-page\" data-elementor-id=\"7315\" class=\"elementor elementor-7315\" data-elementor-post-type=\"page\">\n\t\t\t\t\t\t\t\t\t<section class=\"elementor-section elementor-top-section elementor-element elementor-element-bba6a0e elementor-section-content-middle elementor-section-boxed elementor-section-height-default elementor-section-height-default\" data-id=\"bba6a0e\" data-element_type=\"section\" data-settings=\"{&quot;background_background&quot;:&quot;gradient&quot;}\">\n\t\t\t\t\t\t<div class=\"elementor-container elementor-column-gap-default\">\n\t\t\t\t\t<div class=\"elementor-column elementor-col-100 elementor-top-column elementor-element elementor-element-ee188dc\" data-id=\"ee188dc\" data-element_type=\"column\">\n\t\t\t<div class=\"elementor-widget-wrap elementor-element-populated\">\n\t\t\t\t\t\t\t\t<div class=\"elementor-element elementor-element-1a907a9 elementor-widget elementor-widget-heading\" data-id=\"1a907a9\" data-element_type=\"widget\" data-widget_type=\"heading.default\">\n\t\t\t\t<div class=\"elementor-widget-container\">\n\t\t\t<h1 class=\"elementor-heading-title elementor-size-default\">Formy p\u0142atno\u015bci<\/h1>\t\t<\/div>\n\t\t\t\t<\/div>\n\t\t\t\t\t<\/div>\n\t\t<\/div>\n\t\t\t\t\t\t\t<\/div>\n\t\t<\/section>\n\t\t\t\t<section class=\"elementor-section elementor-top-section elementor-element elementor-element-585dce2f elementor-section-boxed elementor-section-height-default elementor-section-height-default\" data-id=\"585dce2f\" data-element_type=\"section\">\n\t\t\t\t\t\t<div class=\"elementor-container elementor-column-gap-default\">\n\t\t\t\t\t<div class=\"elementor-column elementor-col-100 elementor-top-column elementor-element elementor-element-37cb4ec8\" data-id=\"37cb4ec8\" data-element_type=\"column\">\n\t\t\t<div class=\"elementor-widget-wrap elementor-element-populated\">\n\t\t\t\t\t\t\t\t<div class=\"elementor-element elementor-element-2ad2095e elementor-widget elementor-widget-text-editor\" data-id=\"2ad2095e\" data-element_type=\"widget\" data-widget_type=\"text-editor.default\">\n\t\t\t\t<div class=\"elementor-widget-container\">\n\t\t\t\t\t\t\t<p>W zale\u017cno\u015bci od warto\u015bci zam\u00f3wienia, wybranej formy dostawy i w\u0142asnych preferencji, mo\u017cesz wybra\u0107 jeden z nast\u0119puj\u0105cych sposob\u00f3w p\u0142atno\u015bci:<\/p>\n<ul>\n<li><strong>Przelew<\/strong>&nbsp;&#8211; wp\u0142aty nale\u017cy dokona\u0107 na wskazany numer rachunku bankowego, kt\u00f3ry przeka\u017cemy Ci w wiadomo\u015bci email potwierdzaj\u0105cej przyj\u0119cie zam\u00f3wienia. Przelew mo\u017cesz zrealizowa\u0107 przez Internet, na poczcie lub w banku. Po zaksi\u0119gowaniu wp\u0142aty na naszym koncie, rozpoczniemy realizacj\u0119 zam\u00f3wienia.<\/li><\/ul><br>\t\t\t\t\t\t<\/div>\n\t\t\t\t<\/div>\n\t\t\t\t\t<\/div>\n\t\t<\/div>\n\t\t\t\t\t\t\t<\/div>\n\t\t<\/section>\n\t\t\t\t\t\t\t<\/div>\n\t\t","protected":false},"excerpt":{"rendered":"<p>Payment Depending on the value of your order, the selected form of delivery and your own preferences, you can choose one of the following payment methods: Bank transfer &#8211; payment should be made to the indicated bank account number, which we will provide you with in the email confirming acceptance of your order. You can [&hellip;]<\/p>\n","protected":false},"author":4,"featured_media":0,"parent":0,"menu_order":11,"comment_status":"closed","ping_status":"closed","template":"elementor_header_footer","meta":{"footnotes":""},"aioseo_notices":[],"_links":{"self":[{"href":"https:\/\/evolive.pl\/en\/wp-json\/wp\/v2\/pages\/7315"}],"collection":[{"href":"https:\/\/evolive.pl\/en\/wp-json\/wp\/v2\/pages"}],"about":[{"href":"https:\/\/evolive.pl\/en\/wp-json\/wp\/v2\/types\/page"}],"author":[{"embeddable":true,"href":"https:\/\/evolive.pl\/en\/wp-json\/wp\/v2\/users\/4"}],"replies":[{"embeddable":true,"href":"https:\/\/evolive.pl\/en\/wp-json\/wp\/v2\/comments?post=7315"}],"version-history":[{"count":2,"href":"https:\/\/evolive.pl\/en\/wp-json\/wp\/v2\/pages\/7315\/revisions"}],"predecessor-version":[{"id":7319,"href":"https:\/\/evolive.pl\/en\/wp-json\/wp\/v2\/pages\/7315\/revisions\/7319"}],"wp:attachment":[{"href":"https:\/\/evolive.pl\/en\/wp-json\/wp\/v2\/media?parent=7315"}],"curies":[{"name":"wp","href":"https:\/\/api.w.org\/{rel}","templated":true}]}}