{"id":7320,"date":"2022-07-18T12:12:26","date_gmt":"2022-07-18T10:12:26","guid":{"rendered":"https:\/\/evolive.pl\/?page_id=7320"},"modified":"2023-08-25T10:28:06","modified_gmt":"2023-08-25T08:28:06","slug":"delivery-cost","status":"publish","type":"page","link":"https:\/\/evolive.pl\/en\/delivery-cost\/","title":{"rendered":"Delivery cost"},"content":{"rendered":"\t\t<div data-elementor-type=\"wp-page\" data-elementor-id=\"7320\" class=\"elementor elementor-7320\" data-elementor-post-type=\"page\">\n\t\t\t\t\t\t\t\t\t<section class=\"elementor-section elementor-top-section elementor-element elementor-element-9f21ebf elementor-section-content-middle elementor-section-boxed elementor-section-height-default elementor-section-height-default\" data-id=\"9f21ebf\" data-element_type=\"section\" data-settings=\"{&quot;background_background&quot;:&quot;gradient&quot;}\">\n\t\t\t\t\t\t<div class=\"elementor-container elementor-column-gap-default\">\n\t\t\t\t\t<div class=\"elementor-column elementor-col-100 elementor-top-column elementor-element elementor-element-45f94d3\" data-id=\"45f94d3\" data-element_type=\"column\">\n\t\t\t<div class=\"elementor-widget-wrap elementor-element-populated\">\n\t\t\t\t\t\t\t\t<div class=\"elementor-element elementor-element-cb20242 elementor-widget elementor-widget-heading\" data-id=\"cb20242\" data-element_type=\"widget\" data-widget_type=\"heading.default\">\n\t\t\t\t<div class=\"elementor-widget-container\">\n\t\t\t<h1 class=\"elementor-heading-title elementor-size-default\">Koszt dostawy<\/h1>\t\t<\/div>\n\t\t\t\t<\/div>\n\t\t\t\t\t<\/div>\n\t\t<\/div>\n\t\t\t\t\t\t\t<\/div>\n\t\t<\/section>\n\t\t\t\t<section class=\"elementor-section elementor-top-section elementor-element elementor-element-5179ab77 elementor-section-boxed elementor-section-height-default elementor-section-height-default\" data-id=\"5179ab77\" data-element_type=\"section\">\n\t\t\t\t\t\t<div class=\"elementor-container elementor-column-gap-default\">\n\t\t\t\t\t<div class=\"elementor-column elementor-col-100 elementor-top-column elementor-element elementor-element-6f5f7769\" data-id=\"6f5f7769\" data-element_type=\"column\">\n\t\t\t<div class=\"elementor-widget-wrap elementor-element-populated\">\n\t\t\t\t\t\t\t\t<div class=\"elementor-element elementor-element-37e7fdb elementor-widget elementor-widget-text-editor\" data-id=\"37e7fdb\" data-element_type=\"widget\" data-widget_type=\"text-editor.default\">\n\t\t\t\t<div class=\"elementor-widget-container\">\n\t\t\t\t\t\t\t\r\n<p>W zale\u017cno\u015bci od ilo\u015bci i wagi zamawianych przez Ciebie produkt\u00f3w, wybranej formy p\u0142atno\u015bci i w\u0142asnych preferencji, mo\u017cesz wybra\u0107 jedn\u0105 z form dostawy:<\/p>\r\n\r\n\r\n\r\n<ul>\r\n<li><strong>Najszybciej i najbezpieczniej:<br \/><\/strong>Firma kurierska\u00a0&#8211; dostawa jest realizowana przez profesjonaln\u0105 firm\u0119 kuriersk\u0105 UPS. Wybranie kuriera oznacza wygod\u0119 i pewno\u015b\u0107, \u017ce Twoje zam\u00f3wienie dotrze na czas za niewyg\u00f3rowan\u0105 cen\u0119. Dodatkowo, na Tw\u00f3j adres email otrzymasz link do strony, na kt\u00f3rej na bie\u017c\u0105co b\u0119dziesz m\u00f3g\u0142 sprawdza\u0107, gdzie znajduje si\u0119 Twoja przesy\u0142ka.<\/li>\r\n<li><strong>Najtaniej:<br \/><\/strong>Poczta Polska\u00a0to najta\u0144sza opcja przesy\u0142ki. Twoje zam\u00f3wienie dostarczane jest za po\u015brednictwem Poczty Polskiej jako przesy\u0142ka priorytetowa lub ekonomiczna.<\/li>\r\n<\/ul>\r\n\r\n\r\n\r\n<h3>Koszt dostawy<\/h3>\r\n\r\n\r\n\r\n<p>Ca\u0142kowity koszt dostawy zam\u00f3wienia poznasz po dodaniu produkt\u00f3w do koszyka i wybraniu interesuj\u0105cej Ciebie formy dostawy i metody p\u0142atno\u015bci &#8211; w podsumowaniu zobaczysz dok\u0142adn\u0105 warto\u015b\u0107 do zap\u0142aty.\u00a0Poni\u017cej znajdziesz list\u0119 standardowych koszt\u00f3w dostawy, wraz z szacunkowym czasem dostarczenia zam\u00f3wienia:<\/p>\r\n\r\n\r\n\r\n<figure class=\"wp-block-table\">\r\n<table>\r\n<thead>\r\n<tr>\r\n<th><strong>Spos\u00f3b dostawy<\/strong><\/th>\r\n<th><strong>Przedp\u0142ata<br \/>(przelew lub\u00a0p\u0142atno\u015b\u0107 online)<\/strong><\/th>\r\n<th><strong>Czas dostarczenia<\/strong><\/th>\r\n<\/tr>\r\n<\/thead>\r\n<tbody>\r\n<tr>\r\n<td>1 paczka DHL<\/td>\r\n<td>22 PLN<\/td>\r\n<td>1-2 dni robocze<\/td>\r\n<\/tr>\r\n<tr>\r\n<td>1 pe\u0142na paleta (30 paneli)<\/td>\r\n<td>250\u00a0PLN<\/td>\r\n<td>2-3 dni robocze<\/td>\r\n<\/tr>\r\n<tr>\r\n<td>1 niepe\u0142na paleta (poni\u017cej 30 paneli)<\/td>\r\n<td>330\u00a0PLN<\/td>\r\n<td>3-5 dni roboczych<\/td>\r\n<\/tr>\r\n<tr>\r\n<td>Europaleta (120&#215;80)<\/td>\r\n<td>190 PLN<\/td>\r\n<td>3-5 dni roboczych<\/td>\r\n<\/tr>\r\n<tr>\r\n<td>P\u00f3\u0142paleta (60&#215;80)<\/td>\r\n<td>130 PLN<\/td>\r\n<td>3-5 dni roboczych<\/td>\r\n<\/tr>\r\n<tr>\r\n<td>Kwadraciak<\/td>\r\n<td>230 PLN<\/td>\r\n<td>3-5 dni roboczych<\/td>\r\n<\/tr>\r\n<\/tbody>\r\n<\/table>\r\n<\/figure>\r\n\r\n\r\n\r\n<p><strong>Uwaga:\u00a0<\/strong>koszt dostawy mo\u017ce ulec zwi\u0119kszeniu w przypadku produkt\u00f3w o niestandardowych gabarytach i\/lub wi\u0119kszej wadze.<\/p>\r\n\t\t\t\t\t\t<\/div>\n\t\t\t\t<\/div>\n\t\t\t\t\t<\/div>\n\t\t<\/div>\n\t\t\t\t\t\t\t<\/div>\n\t\t<\/section>\n\t\t\t\t\t\t\t<\/div>\n\t\t","protected":false},"excerpt":{"rendered":"<p>Delivery cost Depending on the quantity and weight of the products you order, the payment method you choose and your own preferences, you can choose one of the delivery methods: The fastest and safest: Courier company &#8211; delivery is carried out by professional courier company UPS. Choosing a courier means convenience and confidence that your [&hellip;]<\/p>\n","protected":false},"author":4,"featured_media":0,"parent":0,"menu_order":12,"comment_status":"closed","ping_status":"closed","template":"elementor_header_footer","meta":{"footnotes":""},"aioseo_notices":[],"_links":{"self":[{"href":"https:\/\/evolive.pl\/en\/wp-json\/wp\/v2\/pages\/7320"}],"collection":[{"href":"https:\/\/evolive.pl\/en\/wp-json\/wp\/v2\/pages"}],"about":[{"href":"https:\/\/evolive.pl\/en\/wp-json\/wp\/v2\/types\/page"}],"author":[{"embeddable":true,"href":"https:\/\/evolive.pl\/en\/wp-json\/wp\/v2\/users\/4"}],"replies":[{"embeddable":true,"href":"https:\/\/evolive.pl\/en\/wp-json\/wp\/v2\/comments?post=7320"}],"version-history":[{"count":2,"href":"https:\/\/evolive.pl\/en\/wp-json\/wp\/v2\/pages\/7320\/revisions"}],"predecessor-version":[{"id":7324,"href":"https:\/\/evolive.pl\/en\/wp-json\/wp\/v2\/pages\/7320\/revisions\/7324"}],"wp:attachment":[{"href":"https:\/\/evolive.pl\/en\/wp-json\/wp\/v2\/media?parent=7320"}],"curies":[{"name":"wp","href":"https:\/\/api.w.org\/{rel}","templated":true}]}}